{"id":21,"date":"2018-08-29T16:59:15","date_gmt":"2018-08-29T13:59:15","guid":{"rendered":"http:\/\/wordpress-transfer-temasi.tema.digital\/transfer-1\/?page_id=21"},"modified":"2021-04-09T14:52:37","modified_gmt":"2021-04-09T11:52:37","slug":"hakkimizda","status":"publish","type":"page","link":"https:\/\/www.istanbultransferonline.com\/tr\/hakkimizda\/","title":{"rendered":"Hakk\u0131m\u0131zda"},"content":{"rendered":"<p><\/p>\n<p class=\"p1\">A-7682 lisans numaral\u0131 L\u0130SAV TRAVEL, 2010 y\u0131l\u0131ndan beri yurt i\u00e7i butik turizm hizmetleri vermektedir. Hizmet vermeye ba\u015flad\u0131\u011f\u0131m\u0131z y\u0131ldan bu yana, tematik, \u00f6zg\u00fcn tur programlar\u0131 ger\u00e7ekle\u015ftirmekte, yerli ve yabanc\u0131 misafirlerimize turizm alan\u0131nda ba\u015far\u0131yla hizmet vermekteyiz.<\/p>\n<p class=\"p1\">Gen\u00e7, yenilik\u00e7i, ayn\u0131 zamanda y\u0131llarca turizm sekt\u00f6r\u00fcnde \u00e7al\u0131\u015fm\u0131\u015f deneyimli y\u00f6netici kadrosu ve personeli ile dinamik bir ekibiz. L\u0130SAV TRAVEL olarak, T\u00fcrkiye\u2019yi b\u00f6lge b\u00f6lge, \u015fehir \u015fehir, buralarda ya\u015fayan insanlar\u0131yla, tarihi dokusu ve co\u011frafyas\u0131yla, sosyal ve k\u00fclt\u00fcrel \u00e7izgileriyle siz misafirlerimize tan\u0131tmay\u0131 ama\u00e7 edindik. L\u0130SAV TRAVEL, de\u011fi\u015fen \u015fartlar kar\u015f\u0131s\u0131nda yenilikleri takip edip, sorunlara daha yarat\u0131c\u0131 \u00e7\u00f6z\u00fcmler getirerek ko\u015fulsuz m\u00fc\u015fteri memnuniyeti felsefesini benimseyerek turizm sekt\u00f6r\u00fcnde \u00f6rnek te\u015fkil etmeyi ama\u00e7lamaktad\u0131r. Bu ama\u00e7la Ula\u015ft\u0131rma ve Altyap\u0131 Bakanl\u0131\u011f\u0131 onayl\u0131 D2 yetki belgesi ile turizm ta\u015f\u0131mac\u0131l\u0131\u011f\u0131 alan\u0131nda y\u00fcksek standartlar\u0131 hedeflemektedir. Ayn\u0131 zamanda \u0130STANBUL TRANSFER ONLINE markas\u0131n\u0131 da b\u00fcnyesine katarak servis yelpazesini geni\u015fletmi\u015ftir.<\/p>\n<p class=\"p1\">Hizmet alanlar\u0131m\u0131z\u0131 de\u011fer katarak geni\u015fleten, ulusal ve uluslararas\u0131 alanda g\u00fcvenilir, kaliteli, k\u00f6kl\u00fc, global d\u00fc\u015f\u00fcnen, yerel de\u011ferlerin bilincinde olan ve \u00fcstlendi\u011fi her i\u015fi k\u00fclt\u00fcrel \u00f6\u011feleri \u00f6n planda tutarak en iyi \u015fekilde yapmay\u0131 hedefleyerek sizlere hizmet sunmaya devam edece\u011fiz.<\/p>\n<p><\/p>","protected":false},"excerpt":{"rendered":"<p>A-7682 lisans numaral\u0131 L\u0130SAV TRAVEL, 2010 y\u0131l\u0131ndan beri yurt i\u00e7i butik turizm hizmetleri vermektedir. Hizmet [&hellip;]<\/p>\n","protected":false},"author":7,"featured_media":562,"parent":0,"menu_order":0,"comment_status":"closed","ping_status":"closed","template":"","meta":{"_joinchat":[],"footnotes":""},"class_list":["post-21","page","type-page","status-publish","has-post-thumbnail","hentry"],"_links":{"self":[{"href":"https:\/\/www.istanbultransferonline.com\/tr\/wp-json\/wp\/v2\/pages\/21","targetHints":{"allow":["GET"]}}],"collection":[{"href":"https:\/\/www.istanbultransferonline.com\/tr\/wp-json\/wp\/v2\/pages"}],"about":[{"href":"https:\/\/www.istanbultransferonline.com\/tr\/wp-json\/wp\/v2\/types\/page"}],"author":[{"embeddable":true,"href":"https:\/\/www.istanbultransferonline.com\/tr\/wp-json\/wp\/v2\/users\/7"}],"replies":[{"embeddable":true,"href":"https:\/\/www.istanbultransferonline.com\/tr\/wp-json\/wp\/v2\/comments?post=21"}],"version-history":[{"count":0,"href":"https:\/\/www.istanbultransferonline.com\/tr\/wp-json\/wp\/v2\/pages\/21\/revisions"}],"wp:featuredmedia":[{"embeddable":true,"href":"https:\/\/www.istanbultransferonline.com\/tr\/wp-json\/wp\/v2\/media\/562"}],"wp:attachment":[{"href":"https:\/\/www.istanbultransferonline.com\/tr\/wp-json\/wp\/v2\/media?parent=21"}],"curies":[{"name":"wp","href":"https:\/\/api.w.org\/{rel}","templated":true}]}}