{"id":405,"date":"2020-02-07T15:30:04","date_gmt":"2020-02-07T12:30:04","guid":{"rendered":"http:\/\/wordpress-transfer-temasi.tema.digital\/transfer-pro\/?page_id=3"},"modified":"2021-03-16T11:09:14","modified_gmt":"2021-03-16T08:09:14","slug":"gizlilik-politikasi","status":"publish","type":"page","link":"https:\/\/www.istanbultransferonline.com\/tr\/gizlilik-politikasi\/","title":{"rendered":"Gizlilik Politikas\u0131"},"content":{"rendered":"<h2 class=\"wp-block-heading\">K\u0130\u015e\u0130SEL B\u0130LG\u0130LER<\/h2>\r\n<p>\u015eirketimiz sizin ki\u015fisel bilgilerinizin gizlili\u011fi ile ilgili \u00f6nlemleri al\u0131r ve ki\u015fisel bilgilerin her zaman g\u00fcvende olmas\u0131n\u0131 garanti eder. Rezervasyon sitemizden gelen m\u00fc\u015fteri bilgileri hi\u00e7 bir zaman ticari ama\u00e7 ile kullan\u0131lmaz ve hi\u00e7 bir \u015fekilde ticari bir malzeme konusu yap\u0131lamaz.<\/p>\r\n<h2>K\u0130ML\u0130K B\u0130LG\u0130LER\u0130N\u0130N A\u00c7IKLANMAMASI<\/h2>\r\n<p>\u015eirketimiz m\u00fc\u015fterilerilerinin kimlik bilgilerini hi\u00e7 bir zaman de\u015fifre etmez. Sadece emniyet ve kamusal idareden talep geldi\u011fi durumlarda ve-veya ki\u015filerin kendi istekleri ile do\u011frultusunda a\u00e7\u0131klama yap\u0131labilir.<\/p>\r\n<h2>SERVER \u0130STAT\u0130ST\u0130K VE KAYITLARI<\/h2>\r\n<p>Website ziyaret\u00e7i pofilini d\u00fczenli olarak bilgi ve hizmetlerimizi geli\u015ftirmek i\u00e7in analiz ediyoruz. Bu analizler hi\u00e7bir zaman ki\u015fisel bilgileri i\u00e7ermemektedir ve ziyaret\u00e7ilerin \u00f6zel bilgilerine ula\u015fmamaktad\u0131r.<\/p>\r\n<h2>IP ADRES\u0130<\/h2>\r\n<p>IP adresleri her bilgisayara \u00f6zg\u00fcnd\u00fcr ve internet \u00fczerinde kullan\u0131c\u0131lar\u0131 tan\u0131mlamak ve bilgilerine ula\u015fmak i\u00e7in kullan\u0131r. Rezervasyon sistemimizle ilgili bilgi raporlanmas\u0131 i\u00e7in IP adresini kullan\u0131r. G\u00fcvenli \u00f6deme bilgisi ve doland\u0131r\u0131c\u0131l\u0131\u011fa kar\u015f\u0131 korumay\u0131 garanti eder. M\u00fc\u015fterilerimizin ki\u015fisel bilgilerini rezervasyon sistemimiz d\u0131\u015f\u0131nda g\u00fcncellenmesine m\u00fcsade etmez<\/p>\r\n<h2>G\u00dcVENL\u0130 B\u0130LG\u0130 TRANSFER\u0130 \u0130\u015eLEM\u0130<\/h2>\r\n<p>Web sitemizde Kredi Kart\u0131 g\u00fcvenli\u011fi i\u00e7in SSL sertifikam\u0131z\u0131n her daim g\u00fcncel oldu\u011funu ve bununla birlikte 128-bit data \u015fifreleme hizmeti ile ki\u015fisel bilgileriniz ve kredi kart\u0131 bilgileriniz i\u00e7in en y\u00fcksek seviyede g\u00fcvenlik hizmeti sa\u011flad\u0131\u011f\u0131m\u0131z\u0131 garanti ederiz. \u015eirketimiz bilgileri g\u00fccelleme hakk\u0131n\u0131 bu dok\u00fcmanda sakl\u0131 tutar ve g\u00fcncellenmi\u015f versiyonunu websitesine g\u00f6nderir.<\/p>","protected":false},"excerpt":{"rendered":"<p>K\u0130\u015e\u0130SEL B\u0130LG\u0130LER \u015eirketimiz sizin ki\u015fisel bilgilerinizin gizlili\u011fi ile ilgili \u00f6nlemleri al\u0131r ve ki\u015fisel bilgilerin her [&hellip;]<\/p>\n","protected":false},"author":7,"featured_media":0,"parent":0,"menu_order":0,"comment_status":"closed","ping_status":"closed","template":"","meta":{"_joinchat":[],"footnotes":""},"class_list":["post-405","page","type-page","status-publish","hentry"],"_links":{"self":[{"href":"https:\/\/www.istanbultransferonline.com\/tr\/wp-json\/wp\/v2\/pages\/405","targetHints":{"allow":["GET"]}}],"collection":[{"href":"https:\/\/www.istanbultransferonline.com\/tr\/wp-json\/wp\/v2\/pages"}],"about":[{"href":"https:\/\/www.istanbultransferonline.com\/tr\/wp-json\/wp\/v2\/types\/page"}],"author":[{"embeddable":true,"href":"https:\/\/www.istanbultransferonline.com\/tr\/wp-json\/wp\/v2\/users\/7"}],"replies":[{"embeddable":true,"href":"https:\/\/www.istanbultransferonline.com\/tr\/wp-json\/wp\/v2\/comments?post=405"}],"version-history":[{"count":0,"href":"https:\/\/www.istanbultransferonline.com\/tr\/wp-json\/wp\/v2\/pages\/405\/revisions"}],"wp:attachment":[{"href":"https:\/\/www.istanbultransferonline.com\/tr\/wp-json\/wp\/v2\/media?parent=405"}],"curies":[{"name":"wp","href":"https:\/\/api.w.org\/{rel}","templated":true}]}}