{"id":640,"date":"2021-02-25T17:22:20","date_gmt":"2021-02-25T14:22:20","guid":{"rendered":"https:\/\/www.istanbultransferonline.com\/?page_id=640"},"modified":"2021-03-16T11:03:52","modified_gmt":"2021-03-16T08:03:52","slug":"mesafeli-satis-sozlesmesi","status":"publish","type":"page","link":"https:\/\/www.istanbultransferonline.com\/tr\/mesafeli-satis-sozlesmesi\/","title":{"rendered":"Mesafeli Sat\u0131\u015f S\u00f6zle\u015fmesi"},"content":{"rendered":"<p><\/p>\n<p class=\"p1\"><b>1- Taraflar<\/b><\/p>\n<p class=\"p2\">Web Sitesi :\u00a0www.istanbultransferonline.com<br \/>\nAcenta &#8211; Firma :\u00a0Lisav Turizm Seyahat ve D\u0131\u015f Ticaret Limited \u015eirketi<\/p>\n<p class=\"p2\">Online rezervasyon tabanl\u0131 hizmet veren web sitesi ve firma \u201cHizmet Sa\u011flay\u0131c\u0131\u201d olarak an\u0131lacakt\u0131r.\u00a0 Online rezervasyonda ad\u0131-soyad\u0131 ge\u00e7en ki\u015fi, ayn\u0131 rezervasyon i\u00e7inde temsil etti\u011fi di\u011fer yolcularla beraber, \u201cM\u00fc\u015fteri\u201d olarak an\u0131lacakt\u0131r.<\/p>\n<p class=\"p1\"><b>2- Konu<\/b><\/p>\n<p class=\"p2\">\u0130\u015f bu s\u00f6zle\u015fme \u201cHizmet Sa\u011flay\u0131c\u0131\u201d \u00a0ile \u201cM\u00fc\u015fteri\u201d aras\u0131nda yap\u0131lm\u0131\u015ft\u0131r. \u201cHizmet Sa\u011flay\u0131c\u0131\u201dn\u0131n verdi\u011fi hizmet, rezervasyon kayd\u0131 yap\u0131larak al\u0131nm\u0131\u015f olup, hizmet i\u00e7erili\u011fi web sitesi i\u00e7indeki ilgili sayfalarda detayl\u0131 anlat\u0131lm\u0131\u015ft\u0131r.<\/p>\n<p class=\"p1\"><b>3- S\u00f6zle\u015fmenin S\u00fcresi<\/b><\/p>\n<p class=\"p2\">\u0130\u015f bu s\u00f6zle\u015fme; s\u00f6z konusu rezervasyonun \u201cHizmet Sa\u011flay\u0131c\u0131\u201d taraf\u0131ndan onayland\u0131\u011f\u0131 andan itibaren, rezervasyonda \u201cM\u00fc\u015fteri\u201d taraf\u0131ndan belirtilen hizmet tarihi ve saatinde transferin hizmetinin ger\u00e7ekle\u015ftirilmesini takiben sona erer.<\/p>\n<p class=\"p1\"><b>4- \u00d6deme ve Fatura Bilgileri<\/b><\/p>\n<p class=\"p2\">Kredi kart\u0131 ile ilgili \u00fccret rezervasyon yap\u0131ld\u0131\u011f\u0131 anda online olarak tahsil edilip faturas\u0131 hizmet bitiminde verilen adrese g\u00f6nderilir<\/p>\n<p class=\"p1\"><b>5- \u0130ptal, De\u011fi\u015fiklik ve \u0130ade Prosed\u00fcr\u00fc<\/b><\/p>\n<ul class=\"ul1\">\n<li class=\"li4\">\u201cM\u00fc\u015fteri\u201d, hizmetin ba\u015flamas\u0131na 24 saatten fazla s\u00fcre varken hizmeti iptal etmek isterse \u00f6dedi\u011fi hizmet bedelinin tamam\u0131 kendisine iade edilir.<\/li>\n<li class=\"li4\">\u201cM\u00fc\u015fteri\u201d, hizmetin ba\u015flamas\u0131na 12-24 saat kala hizmeti iptal etmek isterse hizmet bedelinin\u00a0<b>%75\u2019<\/b>i iade edilir.<\/li>\n<li class=\"li4\">\u201cM\u00fc\u015fteri\u201d, hizmetin ba\u015flamas\u0131na 1-12 saat kala hizmeti iptal etmek isterse hizmet bedelinin\u00a0<b>%50<\/b>\u2019si iade edilir.<\/li>\n<li class=\"li4\">\u201cM\u00fc\u015fteri\u201d, hizmet ba\u015flamas\u0131na 1 saat kala yapt\u0131\u011f\u0131 iptallerde veya hizmeti kullanmad\u0131\u011f\u0131 durumlarda iade yap\u0131lmaz. Ancak bir sonraki transfer talebinde tek y\u00f6n i\u00e7in\u00a0<b>%50 indirim<\/b>\u00a0uygulan\u0131r. (\u0130ndirim uygulanabilmesi i\u00e7in \u201cM\u00fc\u015fteri\u201dnin yeni transfer sipari\u015finin Not b\u00f6l\u00fcm\u00fcnde ge\u00e7mi\u015f rezervasyonun iptali ile ilgili bilgi vermesi gerekmektedir.)<\/li>\n<li class=\"li4\">Kredi kart\u0131 ile ilgili \u00fccret rezervasyon yap\u0131ld\u0131\u011f\u0131 anda online olarak tahsil edilip faturas\u0131 hizmet bitiminde verilen adrese g\u00f6nderilir<\/li>\n<\/ul>\n<p class=\"p1\"><b>6- Genel h\u00fck\u00fcmler<\/b><\/p>\n<p class=\"p2\">T\u00fcm havalimanlar\u0131ndan al\u0131nacak yolcular\u0131m\u0131z i\u00e7in (DI\u015e HATLAR 2 SAAT) (\u0130\u00c7 HATLAR 1 SAAT) u\u00e7ak indikten sonra ara\u00e7 bekletilir. Bu s\u00fcreler sonunda yolcu \u00e7\u0131kmam\u0131\u015f ise bu transfer noshow olur. Bunu yolcumuza telefon, SMS, WhatsApp, foto\u011fraf, ara\u00e7 takip sistemi gibi kay\u0131tlar ile arac\u0131n orada bekledi\u011fini kay\u0131tl\u0131 olarak yolcumuza sunulur.<\/p>\n<p class=\"p2\">T\u00fcm adres, nokta, hotel, mekan v.b. yerlerden al\u0131nacak yolcular\u0131m\u0131z i\u00e7in rezervasyon saatinde ara\u00e7 haz\u0131r olur (30 DAK\u0130KA) ara\u00e7 bekletilir. Bu s\u00fcre de yolcu \u00e7\u0131kmam\u0131\u015f ise ara\u00e7 adresten ayr\u0131l\u0131r ve bu rezervasyon noshow olur. Bunu yolcumuza telefon, SMS, WhatsApp, foto\u011fraf, ara\u00e7 takip sistemi gibi kay\u0131tlar ile arac\u0131n orada bekledi\u011fini kay\u0131tl\u0131 olarak yolcumuza sunulur.<\/p>\n<p class=\"p2\">Hizmet Sa\u011flay\u0131c\u0131, hizmetin verilmesine engel te\u015fkil edecek durumlarda (Trafik kazas\u0131, traf\u0131k s\u0131k\u0131\u015f\u0131kl\u0131\u011f\u0131, mekanik ar\u0131za, hava muhalefeti, g\u00fcvenlik \u00f6nlemleri vb.) transferin ger\u00e7ekle\u015femeyece\u011fi anla\u015f\u0131ld\u0131\u011f\u0131 anda farkl\u0131 bir ara\u00e7 y\u00f6nlendirmeye \u00e7al\u0131\u015facak ve \u201cM\u00fc\u015fteri\u201dye durum bilgisi verilecektir. E\u011fer ara\u00e7 temini yap\u0131lamazsa al\u0131nan hizmet bedelinin tamam\u0131 iade edilecek ve bir sonraki transfer sipari\u015finin tek y\u00f6n fiyat\u0131na\u00a0<b>%50 indirim<\/b>\u00a0uygulanacakt\u0131r. Transfer hizmeti alan t\u00fcm yolcular sigortalanm\u0131\u015f olup, olas\u0131 bir kaza ve yaralanma durumunda sa\u011fl\u0131k masraflar\u0131 sigorta poli\u00e7esinin sa\u011flad\u0131\u011f\u0131 limitler kapsam\u0131nda kar\u015f\u0131lanmaktad\u0131r.<\/p>\n<p class=\"p1\"><b>7- Y\u00fcr\u00fcrl\u00fck<\/b><\/p>\n<p class=\"p2\">\u0130\u015f bu s\u00f6zle\u015fme 7 ana maddeden olu\u015fmakta olup, gerekti\u011fi takdirde 2 n\u00fcsha halinde tanzim edilerek taraflarca imzalanacak olup, s\u00f6zle\u015fmeden kaynaklanan anla\u015fmazl\u0131klarda, 4925 Say\u0131l\u0131 Karayolu Ta\u015f\u0131ma Kanununu maddeleri uygulan\u0131r. Bu s\u00f6zle\u015fmeden do\u011facak olan uyu\u015fmazl\u0131k konusunda \u0130STANBUL Mahkemesi ve icra daireleri yetkilidir. S\u00f6zle\u015fmeyi kendim ve\/veya rezervasyon formunda belirtmi\u015f oldu\u011fum isimleri yaz\u0131l\u0131 ki\u015filer ad\u0131na okuyup, kabul etti\u011fimi beyan ettim. Bu beyan\u0131m; rezervasyon i\u015flemini kendim yerine bir ba\u015fkas\u0131n\u0131n y\u00fcr\u00fctm\u00fc\u015f ve\/veya kabul etmi\u015f olmas\u0131 halinde dahi ge\u00e7erlidir. \u201cM\u00fc\u015fteri\u201d olarak ad\u0131m\u0131za d\u00fczenlenmi\u015f olan Hizmet S\u00f6zle\u015fmesi ve \u201c\u015eartlar ve Ko\u015fullar\u201d sayfalar\u0131nda belirtilen h\u00fck\u00fcmlerinin tamam\u0131n\u0131, g\u00f6ndermi\u015f oldu\u011fum rezervasyon formunda yer alan bilgilerimin do\u011frulu\u011funun sorumlulu\u011funu, 4925 Say\u0131l\u0131 Karayolu Ta\u015f\u0131ma Kanununu ve Ta\u015f\u0131mac\u0131n\u0131n web sitesindeki bilgileri okuyup, anlay\u0131p kabul etti\u011fimi beyan ederim.<\/p>\n<p><\/p>","protected":false},"excerpt":{"rendered":"<p>1- Taraflar Web Sitesi :\u00a0www.istanbultransferonline.com Acenta &#8211; Firma :\u00a0Lisav Turizm Seyahat ve D\u0131\u015f Ticaret Limited [&hellip;]<\/p>\n","protected":false},"author":7,"featured_media":0,"parent":0,"menu_order":0,"comment_status":"closed","ping_status":"closed","template":"","meta":{"_joinchat":[],"footnotes":""},"class_list":["post-640","page","type-page","status-publish","hentry"],"_links":{"self":[{"href":"https:\/\/www.istanbultransferonline.com\/tr\/wp-json\/wp\/v2\/pages\/640","targetHints":{"allow":["GET"]}}],"collection":[{"href":"https:\/\/www.istanbultransferonline.com\/tr\/wp-json\/wp\/v2\/pages"}],"about":[{"href":"https:\/\/www.istanbultransferonline.com\/tr\/wp-json\/wp\/v2\/types\/page"}],"author":[{"embeddable":true,"href":"https:\/\/www.istanbultransferonline.com\/tr\/wp-json\/wp\/v2\/users\/7"}],"replies":[{"embeddable":true,"href":"https:\/\/www.istanbultransferonline.com\/tr\/wp-json\/wp\/v2\/comments?post=640"}],"version-history":[{"count":0,"href":"https:\/\/www.istanbultransferonline.com\/tr\/wp-json\/wp\/v2\/pages\/640\/revisions"}],"wp:attachment":[{"href":"https:\/\/www.istanbultransferonline.com\/tr\/wp-json\/wp\/v2\/media?parent=640"}],"curies":[{"name":"wp","href":"https:\/\/api.w.org\/{rel}","templated":true}]}}