{"id":643,"date":"2021-02-25T17:28:31","date_gmt":"2021-02-25T14:28:31","guid":{"rendered":"https:\/\/www.istanbultransferonline.com\/?page_id=643"},"modified":"2021-03-16T11:10:04","modified_gmt":"2021-03-16T08:10:04","slug":"yasal-mevzuat","status":"publish","type":"page","link":"https:\/\/www.istanbultransferonline.com\/tr\/yasal-mevzuat\/","title":{"rendered":"Yasal Mevzuat"},"content":{"rendered":"<p><\/p>\n<ul class=\"ul1\">\n<li class=\"li1\">\u201cM\u00fc\u015fteri\u201d, hizmetin ba\u015flamas\u0131na 24 saatten fazla s\u00fcre varken hizmeti iptal etmek isterse \u00f6dedi\u011fi hizmet bedelinin tamam\u0131 kendisine iade edilir.<\/li>\n<li class=\"li1\">\u201cM\u00fc\u015fteri\u201d, hizmetin ba\u015flamas\u0131na 12-24 saat kala hizmeti iptal etmek isterse hizmet bedelinin\u00a0<b>%75\u2019<\/b>i iade edilir.<\/li>\n<li class=\"li1\">\u201cM\u00fc\u015fteri\u201d, hizmetin ba\u015flamas\u0131na 1-12 saat kala hizmeti iptal etmek isterse hizmet bedelinin\u00a0<b>%50<\/b>\u2019si iade edilir.<\/li>\n<li class=\"li1\">\u201cM\u00fc\u015fteri\u201d, hizmet ba\u015flamas\u0131na 1 saat kala yapt\u0131\u011f\u0131 iptallerde veya hizmeti kullanmad\u0131\u011f\u0131 durumlarda iade yap\u0131lmaz. Ancak bir sonraki transfer talebinde tek y\u00f6n i\u00e7in\u00a0<b>%50 indirim<\/b>\u00a0uygulan\u0131r. (\u0130ndirim uygulanabilmesi i\u00e7in \u201cM\u00fc\u015fteri\u201dnin yeni transfer sipari\u015finin Not b\u00f6l\u00fcm\u00fcnde ge\u00e7mi\u015f rezervasyonun iptali ile ilgili bilgi vermesi gerekmektedir.)<\/li>\n<li class=\"li1\">Kredi kart\u0131 ile ilgili \u00fccret rezervasyon yap\u0131ld\u0131\u011f\u0131 anda online olarak tahsil edilip faturas\u0131 hizmet bitiminde verilen adrese g\u00f6nderilir<\/li>\n<\/ul>\n<p><\/p>","protected":false},"excerpt":{"rendered":"<p>\u201cM\u00fc\u015fteri\u201d, hizmetin ba\u015flamas\u0131na 24 saatten fazla s\u00fcre varken hizmeti iptal etmek isterse \u00f6dedi\u011fi hizmet bedelinin [&hellip;]<\/p>\n","protected":false},"author":7,"featured_media":0,"parent":0,"menu_order":0,"comment_status":"closed","ping_status":"closed","template":"","meta":{"_joinchat":[],"footnotes":""},"class_list":["post-643","page","type-page","status-publish","hentry"],"_links":{"self":[{"href":"https:\/\/www.istanbultransferonline.com\/tr\/wp-json\/wp\/v2\/pages\/643","targetHints":{"allow":["GET"]}}],"collection":[{"href":"https:\/\/www.istanbultransferonline.com\/tr\/wp-json\/wp\/v2\/pages"}],"about":[{"href":"https:\/\/www.istanbultransferonline.com\/tr\/wp-json\/wp\/v2\/types\/page"}],"author":[{"embeddable":true,"href":"https:\/\/www.istanbultransferonline.com\/tr\/wp-json\/wp\/v2\/users\/7"}],"replies":[{"embeddable":true,"href":"https:\/\/www.istanbultransferonline.com\/tr\/wp-json\/wp\/v2\/comments?post=643"}],"version-history":[{"count":0,"href":"https:\/\/www.istanbultransferonline.com\/tr\/wp-json\/wp\/v2\/pages\/643\/revisions"}],"wp:attachment":[{"href":"https:\/\/www.istanbultransferonline.com\/tr\/wp-json\/wp\/v2\/media?parent=643"}],"curies":[{"name":"wp","href":"https:\/\/api.w.org\/{rel}","templated":true}]}}